{"id":361,"date":"2025-06-29T08:40:56","date_gmt":"2025-06-29T08:40:56","guid":{"rendered":"https:\/\/www.italmarket.pt\/?page_id=361"},"modified":"2025-11-01T11:52:40","modified_gmt":"2025-11-01T11:52:40","slug":"produtos","status":"publish","type":"page","link":"https:\/\/www.italmarket.pt\/en\/produtos\/","title":{"rendered":"Produtos"},"content":{"rendered":"\t\t<div data-elementor-type=\"wp-page\" data-elementor-id=\"361\" class=\"elementor elementor-361\">\n\t\t\t\t<div class=\"elementor-element elementor-element-21b3233 e-flex e-con-boxed e-con e-parent\" data-id=\"21b3233\" data-element_type=\"container\" data-e-type=\"container\" data-settings=\"{&quot;background_background&quot;:&quot;classic&quot;}\">\n\t\t\t\t\t<div class=\"e-con-inner\">\n\t\t<div class=\"elementor-element elementor-element-872f4a3 e-con-full e-flex e-con e-child\" data-id=\"872f4a3\" data-element_type=\"container\" data-e-type=\"container\">\n\t\t\t\t<div class=\"elementor-element elementor-element-cccfbcd elementor-widget elementor-widget-heading\" data-id=\"cccfbcd\" data-element_type=\"widget\" data-e-type=\"widget\" data-widget_type=\"heading.default\">\n\t\t\t\t<div class=\"elementor-widget-container\">\n\t\t\t\t\t<h2 class=\"elementor-heading-title elementor-size-default\">O melhor da gastronomia italiana<\/h2>\t\t\t\t<\/div>\n\t\t\t\t<\/div>\n\t\t\t\t<\/div>\n\t\t\t\t\t<\/div>\n\t\t\t\t<\/div>\n\t\t<div class=\"elementor-element elementor-element-6cda79c e-flex e-con-boxed e-con e-parent\" data-id=\"6cda79c\" data-element_type=\"container\" data-e-type=\"container\">\n\t\t\t\t\t<div class=\"e-con-inner\">\n\t\t\t\t<div class=\"elementor-element elementor-element-9ac13b9 elementor-widget elementor-widget-shortcode\" data-id=\"9ac13b9\" data-element_type=\"widget\" data-e-type=\"widget\" data-widget_type=\"shortcode.default\">\n\t\t\t\t<div class=\"elementor-widget-container\">\n\t\t\t\t\t\t\t<div class=\"elementor-shortcode\">    <div class=\"custom-slider-container slider-1\">\n        <button class=\"slider-arrow prev\">&lt;<\/button>\n        <div class=\"slider-wrapper\">\n            <div class=\"slider-track\">\n                <div class=\"slide\">\t\t<div data-elementor-type=\"container\" data-elementor-id=\"892\" class=\"elementor elementor-892\">\n\t\t\t\t<a class=\"elementor-element elementor-element-5c2db00 e-flex e-con-boxed e-con e-parent\" data-id=\"5c2db00\" data-element_type=\"container\" data-e-type=\"container\" data-settings=\"{&quot;background_background&quot;:&quot;classic&quot;}\" href=\"https:\/\/www.italmarket.pt\/categoria_produto\/lacticinios\/\">\n\t\t\t\t\t<div class=\"e-con-inner\">\n\t\t\t\t<div class=\"elementor-element elementor-element-456935a elementor-widget elementor-widget-heading\" data-id=\"456935a\" data-element_type=\"widget\" data-e-type=\"widget\" data-widget_type=\"heading.default\">\n\t\t\t\t<div class=\"elementor-widget-container\">\n\t\t\t\t\t<h4 class=\"elementor-heading-title elementor-size-default\">Lactic\u00ednios<\/h4>\t\t\t\t<\/div>\n\t\t\t\t<\/div>\n\t\t\t\t\t<\/div>\n\t\t\t\t<\/a>\n\t\t\t\t<\/div>\n\t\t<\/div><div class=\"slide\">\t\t<div data-elementor-type=\"container\" data-elementor-id=\"897\" class=\"elementor elementor-897\">\n\t\t\t\t<a class=\"elementor-element elementor-element-5c2db00 e-flex e-con-boxed e-con e-parent\" data-id=\"5c2db00\" data-element_type=\"container\" data-e-type=\"container\" data-settings=\"{&quot;background_background&quot;:&quot;classic&quot;}\" href=\"https:\/\/www.italmarket.pt\/categoria_produto\/charcutaria\/\">\n\t\t\t\t\t<div class=\"e-con-inner\">\n\t\t\t\t<div class=\"elementor-element elementor-element-456935a elementor-widget elementor-widget-heading\" data-id=\"456935a\" data-element_type=\"widget\" data-e-type=\"widget\" data-widget_type=\"heading.default\">\n\t\t\t\t<div class=\"elementor-widget-container\">\n\t\t\t\t\t<h4 class=\"elementor-heading-title elementor-size-default\">Charcutaria<\/h4>\t\t\t\t<\/div>\n\t\t\t\t<\/div>\n\t\t\t\t\t<\/div>\n\t\t\t\t<\/a>\n\t\t\t\t<\/div>\n\t\t<\/div><div class=\"slide\">\t\t<div data-elementor-type=\"container\" data-elementor-id=\"903\" class=\"elementor elementor-903\">\n\t\t\t\t<a class=\"elementor-element elementor-element-5c2db00 e-flex e-con-boxed e-con e-parent\" data-id=\"5c2db00\" data-element_type=\"container\" data-e-type=\"container\" data-settings=\"{&quot;background_background&quot;:&quot;classic&quot;}\" href=\"https:\/\/www.italmarket.pt\/categoria_produto\/mercearia\/\">\n\t\t\t\t\t<div class=\"e-con-inner\">\n\t\t\t\t<div class=\"elementor-element elementor-element-456935a elementor-widget elementor-widget-heading\" data-id=\"456935a\" data-element_type=\"widget\" data-e-type=\"widget\" data-widget_type=\"heading.default\">\n\t\t\t\t<div class=\"elementor-widget-container\">\n\t\t\t\t\t<h4 class=\"elementor-heading-title elementor-size-default\">Mercearia<\/h4>\t\t\t\t<\/div>\n\t\t\t\t<\/div>\n\t\t\t\t\t<\/div>\n\t\t\t\t<\/a>\n\t\t\t\t<\/div>\n\t\t<\/div><div class=\"slide\">\t\t<div data-elementor-type=\"container\" data-elementor-id=\"905\" class=\"elementor elementor-905\">\n\t\t\t\t<a class=\"elementor-element elementor-element-5c2db00 e-flex e-con-boxed e-con e-parent\" data-id=\"5c2db00\" data-element_type=\"container\" data-e-type=\"container\" data-settings=\"{&quot;background_background&quot;:&quot;classic&quot;}\" href=\"https:\/\/www.italmarket.pt\/categoria_produto\/bebidas-e-garrafeira\/\">\n\t\t\t\t\t<div class=\"e-con-inner\">\n\t\t\t\t<div class=\"elementor-element elementor-element-456935a elementor-widget elementor-widget-heading\" data-id=\"456935a\" data-element_type=\"widget\" data-e-type=\"widget\" data-widget_type=\"heading.default\">\n\t\t\t\t<div class=\"elementor-widget-container\">\n\t\t\t\t\t<h4 class=\"elementor-heading-title elementor-size-default\">Bebidas e Garrafeira<\/h4>\t\t\t\t<\/div>\n\t\t\t\t<\/div>\n\t\t\t\t\t<\/div>\n\t\t\t\t<\/a>\n\t\t\t\t<\/div>\n\t\t<\/div><div class=\"slide\">\t\t<div data-elementor-type=\"container\" data-elementor-id=\"907\" class=\"elementor elementor-907\">\n\t\t\t\t<a class=\"elementor-element elementor-element-5c2db00 e-flex e-con-boxed e-con e-parent\" data-id=\"5c2db00\" data-element_type=\"container\" data-e-type=\"container\" data-settings=\"{&quot;background_background&quot;:&quot;classic&quot;}\" href=\"https:\/\/www.italmarket.pt\/categoria_produto\/na%cc%83o-alimentar\/\">\n\t\t\t\t\t<div class=\"e-con-inner\">\n\t\t\t\t<div class=\"elementor-element elementor-element-456935a elementor-widget elementor-widget-heading\" data-id=\"456935a\" data-element_type=\"widget\" data-e-type=\"widget\" data-widget_type=\"heading.default\">\n\t\t\t\t<div class=\"elementor-widget-container\">\n\t\t\t\t\t<h4 class=\"elementor-heading-title elementor-size-default\">Na\u0303o alimentar<\/h4>\t\t\t\t<\/div>\n\t\t\t\t<\/div>\n\t\t\t\t\t<\/div>\n\t\t\t\t<\/a>\n\t\t\t\t<\/div>\n\t\t<\/div><div class=\"slide\">\t\t<div data-elementor-type=\"container\" data-elementor-id=\"909\" class=\"elementor elementor-909\">\n\t\t\t\t<a class=\"elementor-element elementor-element-5c2db00 e-flex e-con-boxed e-con e-parent\" data-id=\"5c2db00\" data-element_type=\"container\" data-e-type=\"container\" data-settings=\"{&quot;background_background&quot;:&quot;classic&quot;}\" href=\"https:\/\/www.italmarket.pt\/categoria_produto\/frescos\/\">\n\t\t\t\t\t<div class=\"e-con-inner\">\n\t\t\t\t<div class=\"elementor-element elementor-element-456935a elementor-widget elementor-widget-heading\" data-id=\"456935a\" data-element_type=\"widget\" data-e-type=\"widget\" data-widget_type=\"heading.default\">\n\t\t\t\t<div class=\"elementor-widget-container\">\n\t\t\t\t\t<h4 class=\"elementor-heading-title elementor-size-default\">Frescos<\/h4>\t\t\t\t<\/div>\n\t\t\t\t<\/div>\n\t\t\t\t\t<\/div>\n\t\t\t\t<\/a>\n\t\t\t\t<\/div>\n\t\t<\/div>            <\/div>\n        <\/div>\n        <button class=\"slider-arrow next\">&gt;<\/button>\n    <\/div>\n\n    <style>\n    .custom-slider-container {\n        position: relative;\n        width: 100%;\n        overflow: hidden;\n    }\n\n    .slider-wrapper {\n        overflow: hidden;\n        padding: 20px 0;\n    }\n\n    .slider-track {\n        display: flex;\n        transition: transform 0.3s ease;\n    }\n\n    .slide {\n        flex: 0 0 250px;\n        margin: 0 20px;\n        border-radius: 20px;\n        transition: transform 0.3s;\n    }\n\n    .slider-arrow {\n        position: absolute;\n        top: 50%;\n        transform: translateY(-50%);\n        z-index: 10;\n        background: rgba(0,0,0,0.5);\n        color: white;\n        border: none;\n        padding: 10px 15px;\n        cursor: pointer;\n        box-shadow: 0 2px 5px rgba(0,0,0,0.3);\n    }\n\n    .prev { left: 10px; }\n    .next { right: 10px; }\n    <\/style>\n\n    <script>\n    document.addEventListener('DOMContentLoaded', function() {\n        initializeSlider(1);\n    });\n\n    function initializeSlider(sliderNumber) {\n        const container = document.querySelector('.slider-' + sliderNumber);\n        const track = container.querySelector('.slider-track');\n        const slides = Array.from(track.children);\n        const nextButton = container.querySelector('.next');\n        const prevButton = container.querySelector('.prev');\n        const wrapper = container.querySelector('.slider-wrapper');\n\n        let currentIndex = 0;\n        let slideWidth = 250;\n        let spacing = 40;\n\n        function getVisibleSlides() {\n            const containerWidth = wrapper.offsetWidth;\n            const slideFullWidth = slideWidth + spacing;\n            return Math.floor(containerWidth \/ slideFullWidth);\n        }\n\n        function updateSlides() {\n            track.style.transform = `translateX(-${currentIndex * (slideWidth + spacing)}px)`;\n        }\n\n        function moveSlide(direction) {\n            currentIndex += direction;\n            const visibleSlides = getVisibleSlides();\n            if (currentIndex + visibleSlides >= slides.length +1 ) {\n                currentIndex = 0;\n            } else if (currentIndex < 0) {\n                currentIndex = slides.length - visibleSlides;\n            }\n            updateSlides();\n        }\n\n        nextButton.addEventListener('click', () => moveSlide(1));\n        prevButton.addEventListener('click', () => moveSlide(-1));\n\n        window.addEventListener('resize', () => {\n            slideWidth = slides[0].getBoundingClientRect().width;\n            updateSlides();\n    });\n\n        updateSlides();\n    }\n    <\/script>\n    <\/div>\n\t\t\t\t\t\t<\/div>\n\t\t\t\t<\/div>\n\t\t\t\t\t<\/div>\n\t\t\t\t<\/div>\n\t\t<div class=\"elementor-element elementor-element-e541992 e-flex e-con-boxed e-con e-parent\" data-id=\"e541992\" data-element_type=\"container\" data-e-type=\"container\">\n\t\t\t\t\t<div class=\"e-con-inner\">\n\t\t\t\t<div class=\"elementor-element elementor-element-57bd4e1 elementor-widget elementor-widget-text-editor\" data-id=\"57bd4e1\" data-element_type=\"widget\" data-e-type=\"widget\" data-widget_type=\"text-editor.default\">\n\t\t\t\t<div class=\"elementor-widget-container\">\n\t\t\t\t\t\t\t\t\t<article class=\"text-token-text-primary w-full\" dir=\"auto\" data-testid=\"conversation-turn-12\" data-scroll-anchor=\"true\"><div class=\"text-base my-auto mx-auto py-5 [--thread-content-margin:--spacing(4)] @[37rem]:[--thread-content-margin:--spacing(6)] @[72rem]:[--thread-content-margin:--spacing(16)] px-(--thread-content-margin)\"><div class=\"[--thread-content-max-width:32rem] @[34rem]:[--thread-content-max-width:40rem] @[64rem]:[--thread-content-max-width:48rem] mx-auto flex max-w-(--thread-content-max-width) flex-1 text-base gap-4 md:gap-5 lg:gap-6 group\/turn-messages focus-visible:outline-hidden\" tabindex=\"-1\"><div class=\"group\/conversation-turn relative flex w-full min-w-0 flex-col agent-turn\"><div class=\"relative flex-col gap-1 md:gap-3\"><div class=\"flex max-w-full flex-col grow\"><div class=\"min-h-8 text-message relative flex w-full flex-col items-end gap-2 text-start break-words whitespace-normal [.text-message+&amp;]:mt-5\" dir=\"auto\" data-message-author-role=\"assistant\" data-message-id=\"02368782-1995-4374-8fa1-63bd10e6ea3c\" data-message-model-slug=\"gpt-4o\"><div class=\"flex w-full flex-col gap-1 empty:hidden first:pt-[3px]\"><div class=\"markdown prose dark:prose-invert w-full break-words dark\"><p data-start=\"100\" data-end=\"392\" data-is-last-node=\"\" data-is-only-node=\"\">Na Italmarket fornecemos os melhores produtos italianos, com a autenticidade das tradi\u00e7\u00f5es e sabores italianos. Mais do que uma vasta gama de produtos alimentares de refer\u00eancia, e n\u00e3o alimentares, somos reconhecidos pela excel\u00eancia do servi\u00e7o de consultaria que prestamos aos nossos clientes.<\/p><\/div><\/div><\/div><\/div><\/div><\/div><\/div><\/div><\/article>\t\t\t\t\t\t\t\t<\/div>\n\t\t\t\t<\/div>\n\t\t<div class=\"elementor-element elementor-element-ddbdd6d e-con-full e-flex e-con e-child\" data-id=\"ddbdd6d\" data-element_type=\"container\" data-e-type=\"container\">\n\t\t\t\t<div class=\"elementor-element elementor-element-f33cd8f elementor-widget elementor-widget-button\" data-id=\"f33cd8f\" data-element_type=\"widget\" data-e-type=\"widget\" data-widget_type=\"button.default\">\n\t\t\t\t<div class=\"elementor-widget-container\">\n\t\t\t\t\t\t\t\t\t<div class=\"elementor-button-wrapper\">\n\t\t\t\t\t<a class=\"elementor-button elementor-button-link elementor-size-sm\" href=\"https:\/\/www.italmarket.pt\/wp-content\/uploads\/2025\/10\/catalogo_Italmarket_site.pdf\" target=\"_blank\">\n\t\t\t\t\t\t<span class=\"elementor-button-content-wrapper\">\n\t\t\t\t\t\t<span class=\"elementor-button-icon\">\n\t\t\t\t<i aria-hidden=\"true\" class=\"fas fa-file-pdf\"><\/i>\t\t\t<\/span>\n\t\t\t\t\t\t\t\t\t<span class=\"elementor-button-text\">Download cat\u00e1logo<\/span>\n\t\t\t\t\t<\/span>\n\t\t\t\t\t<\/a>\n\t\t\t\t<\/div>\n\t\t\t\t\t\t\t\t<\/div>\n\t\t\t\t<\/div>\n\t\t\t\t<div class=\"elementor-element elementor-element-d9bd4be elementor-widget elementor-widget-button\" data-id=\"d9bd4be\" data-element_type=\"widget\" data-e-type=\"widget\" data-widget_type=\"button.default\">\n\t\t\t\t<div class=\"elementor-widget-container\">\n\t\t\t\t\t\t\t\t\t<div class=\"elementor-button-wrapper\">\n\t\t\t\t\t<a class=\"elementor-button elementor-button-link elementor-size-sm\" href=\"https:\/\/www.italmarket.pt\/contactos\/\">\n\t\t\t\t\t\t<span class=\"elementor-button-content-wrapper\">\n\t\t\t\t\t\t<span class=\"elementor-button-icon\">\n\t\t\t\t<i aria-hidden=\"true\" class=\"fas fa-chevron-right\"><\/i>\t\t\t<\/span>\n\t\t\t\t\t\t\t\t\t<span class=\"elementor-button-text\">Encomendar<\/span>\n\t\t\t\t\t<\/span>\n\t\t\t\t\t<\/a>\n\t\t\t\t<\/div>\n\t\t\t\t\t\t\t\t<\/div>\n\t\t\t\t<\/div>\n\t\t\t\t<\/div>\n\t\t\t\t\t<\/div>\n\t\t\t\t<\/div>\n\t\t<div class=\"elementor-element elementor-element-a91215b elementor-hidden-desktop elementor-hidden-tablet elementor-hidden-mobile e-flex e-con-boxed e-con e-parent\" data-id=\"a91215b\" data-element_type=\"container\" data-e-type=\"container\">\n\t\t\t\t\t<div class=\"e-con-inner\">\n\t\t\t\t<div class=\"elementor-element elementor-element-c4828fd elementor-widget elementor-widget-heading\" data-id=\"c4828fd\" data-element_type=\"widget\" data-e-type=\"widget\" data-widget_type=\"heading.default\">\n\t\t\t\t<div class=\"elementor-widget-container\">\n\t\t\t\t\t<h2 class=\"elementor-heading-title elementor-size-default\">Explore os nossos produtos<\/h2>\t\t\t\t<\/div>\n\t\t\t\t<\/div>\n\t\t\t\t\t<\/div>\n\t\t\t\t<\/div>\n\t\t<div class=\"elementor-element elementor-element-ad1c38e elementor-hidden-desktop elementor-hidden-tablet elementor-hidden-mobile e-flex e-con-boxed e-con e-parent\" data-id=\"ad1c38e\" data-element_type=\"container\" data-e-type=\"container\">\n\t\t\t\t\t<div class=\"e-con-inner\">\n\t\t\t\t<div class=\"elementor-element elementor-element-cee9e39 elementor-widget elementor-widget-shortcode\" data-id=\"cee9e39\" data-element_type=\"widget\" data-e-type=\"widget\" data-widget_type=\"shortcode.default\">\n\t\t\t\t<div class=\"elementor-widget-container\">\n\t\t\t\t\t\t\t<div class=\"elementor-shortcode\">    <style>\n        .category-menu {\n            list-style: none;\n            padding: 0;\n            margin: 0;\n            gap: 0px 25px;\n            display: flex;\n            align-items: center;\n            flex-wrap: wrap;\n            width: 100%;\n            justify-content: center;\n        }\n        .category-menu li {\n            padding: 10px 0;\n            display: flex;\n            align-items: center;\n        }\n        .category-menu li:not(:last-child)::after {\n            content: '|';\n            margin-left: 20px;\n            color: #ddd;\n        }\n        .category-menu a {\n            text-decoration: none;\n        }\n        @media (max-width: 768px) {\n            .category-menu {\n                justify-content: center;\n            }\n            .category-menu li:not(:last-child)::after {\n                display: none;\n            }\n        }\n    <\/style>\n    <ul class=\"category-menu\">\n                    <li>\n                <a href=\"https:\/\/www.italmarket.pt\/en\/categoria_produto\/bebidas-e-garrafeira\/\">\n                    Bebidas e Garrafeira                <\/a>\n            <\/li>\n                    <li>\n                <a href=\"https:\/\/www.italmarket.pt\/en\/categoria_produto\/charcutaria\/\">\n                    Charcutaria                <\/a>\n            <\/li>\n                    <li>\n                <a href=\"https:\/\/www.italmarket.pt\/en\/categoria_produto\/frescos\/\">\n                    Frescos                <\/a>\n            <\/li>\n                    <li>\n                <a href=\"https:\/\/www.italmarket.pt\/en\/categoria_produto\/lacticinios\/\">\n                    Lacticinios                <\/a>\n            <\/li>\n                    <li>\n                <a href=\"https:\/\/www.italmarket.pt\/en\/categoria_produto\/mercearia\/\">\n                    Mercearia                <\/a>\n            <\/li>\n                    <li>\n                <a href=\"https:\/\/www.italmarket.pt\/en\/categoria_produto\/na%cc%83o-alimentar\/\">\n                    Na\u0303o alimentar                <\/a>\n            <\/li>\n            <\/ul>\n    <\/div>\n\t\t\t\t\t\t<\/div>\n\t\t\t\t<\/div>\n\t\t\t\t\t<\/div>\n\t\t\t\t<\/div>\n\t\t\t\t<\/div>\n\t\t","protected":false},"excerpt":{"rendered":"<p>O melhor da gastronomia italiana Na Italmarket fornecemos os melhores produtos italianos, com a autenticidade das tradi\u00e7\u00f5es e sabores italianos. Mais do que uma vasta gama de produtos alimentares de refer\u00eancia, e n\u00e3o alimentares, somos reconhecidos pela excel\u00eancia do servi\u00e7o de consultaria que prestamos aos nossos clientes. Download cat\u00e1logo Encomendar Explore os nossos produtos<\/p>","protected":false},"author":1,"featured_media":0,"parent":0,"menu_order":0,"comment_status":"closed","ping_status":"closed","template":"elementor_header_footer","meta":{"footnotes":""},"class_list":["post-361","page","type-page","status-publish","hentry"],"_links":{"self":[{"href":"https:\/\/www.italmarket.pt\/en\/wp-json\/wp\/v2\/pages\/361","targetHints":{"allow":["GET"]}}],"collection":[{"href":"https:\/\/www.italmarket.pt\/en\/wp-json\/wp\/v2\/pages"}],"about":[{"href":"https:\/\/www.italmarket.pt\/en\/wp-json\/wp\/v2\/types\/page"}],"author":[{"embeddable":true,"href":"https:\/\/www.italmarket.pt\/en\/wp-json\/wp\/v2\/users\/1"}],"replies":[{"embeddable":true,"href":"https:\/\/www.italmarket.pt\/en\/wp-json\/wp\/v2\/comments?post=361"}],"version-history":[{"count":28,"href":"https:\/\/www.italmarket.pt\/en\/wp-json\/wp\/v2\/pages\/361\/revisions"}],"predecessor-version":[{"id":5720,"href":"https:\/\/www.italmarket.pt\/en\/wp-json\/wp\/v2\/pages\/361\/revisions\/5720"}],"wp:attachment":[{"href":"https:\/\/www.italmarket.pt\/en\/wp-json\/wp\/v2\/media?parent=361"}],"curies":[{"name":"wp","href":"https:\/\/api.w.org\/{rel}","templated":true}]}}